{"id":3,"date":"2024-12-23T12:08:57","date_gmt":"2024-12-23T11:08:57","guid":{"rendered":"https:\/\/www.phinc-group.com\/?page_id=3"},"modified":"2026-03-17T14:26:50","modified_gmt":"2026-03-17T13:26:50","slug":"privacy-policy","status":"publish","type":"page","link":"https:\/\/www.phinc-group.com\/en\/privacy-policy\/","title":{"rendered":"Privacy policy"},"content":{"rendered":"<div data-elementor-type=\"wp-page\" data-elementor-id=\"3\" class=\"elementor elementor-3\" data-elementor-post-type=\"page\">\n\t\t\t\t<div class=\"elementor-element elementor-element-4eb95846 e-flex e-con-boxed e-con e-parent\" data-id=\"4eb95846\" data-element_type=\"container\" data-e-type=\"container\">\n\t\t\t\t\t<div class=\"e-con-inner\">\n\t\t\t\t<div class=\"elementor-element elementor-element-b958183 elementor-widget elementor-widget-heading\" data-id=\"b958183\" data-element_type=\"widget\" data-e-type=\"widget\" data-widget_type=\"heading.default\">\n\t\t\t\t<div class=\"elementor-widget-container\">\n\t\t\t\t\t<h2 class=\"elementor-heading-title elementor-size-default\">Confidentiality Policy on Personal Data<\/h2>\t\t\t\t<\/div>\n\t\t\t\t<\/div>\n\t\t\t\t<div class=\"elementor-element elementor-element-655c5ef elementor-widget elementor-widget-global elementor-global-424 elementor-widget-image\" data-id=\"655c5ef\" data-element_type=\"widget\" data-e-type=\"widget\" data-widget_type=\"image.default\">\n\t\t\t\t<div class=\"elementor-widget-container\">\n\t\t\t\t\t\t\t\t\t\t\t\t\t\t\t<img decoding=\"async\" width=\"112\" height=\"28\" src=\"https:\/\/www.phinc-group.com\/wp-content\/uploads\/2025\/10\/mini-barre-rose-arrondie.png\" class=\"attachment-full size-full wp-image-2713\" alt=\"\" srcset=\"https:\/\/www.phinc-group.com\/wp-content\/uploads\/2025\/10\/mini-barre-rose-arrondie.png 112w, https:\/\/www.phinc-group.com\/wp-content\/uploads\/2025\/10\/mini-barre-rose-arrondie-18x5.png 18w\" sizes=\"(max-width: 112px) 100vw, 112px\" \/>\t\t\t\t\t\t\t\t\t\t\t\t\t\t\t<\/div>\n\t\t\t\t<\/div>\n\t\t<div class=\"elementor-element elementor-element-a50ad6e e-con-full e-flex e-con e-child\" data-id=\"a50ad6e\" data-element_type=\"container\" data-e-type=\"container\" data-settings=\"{&quot;background_background&quot;:&quot;classic&quot;}\">\n\t\t\t\t<div class=\"elementor-element elementor-element-5ae2ff78 elementor-widget elementor-widget-text-editor\" data-id=\"5ae2ff78\" data-element_type=\"widget\" data-e-type=\"widget\" data-widget_type=\"text-editor.default\">\n\t\t\t\t<div class=\"elementor-widget-container\">\n\t\t\t\t\t\t\t\t\t<h2>Art. 1 - Definition of Personal Data and type of Data collected<\/h2><p>During the course of your use of our Website, we might have to request you to provide us with some of your Personal Data or have access to such Personal Data.<\/p><p>For the purpose of this Policy, \u201cPersonal Data\u201d shall mean any and all information that permit to identify an individual, directly or indirectly, including, but not limited to, your name, first name, physical and\/or email address, phone number, birth date, in particular by reference to identification numbers, data exchanged with this Website, and any other related personal information that you would decide to share with us.<\/p><h2>Art. 2 - Purpose of the present Policy<\/h2><p>The purpose of the present Policy is to inform you on the means and aims of collection and handling of your Personal Data, in due compliance with your personal rights.<\/p><p>To this end, please be informed that we would comply with the requirements of the EU General Data Protection Regulation ref 2016\/679 (together, the \u201cGDPR\u201d), in their latest versions, and any regulatory enactment thereof.<\/p><h2>Art. 3 - Identity of the Data Controller<\/h2><p>The Data Controller (as defined under the GDPR) in charge of ensuring the rightful collection, management, processing and storage of Personal Data is PhinC Development, a \u201cSAS\u201d (\u201cSimplified Joint Stock Company\u201d) organised and existing under French laws, registered with the RCS of \u00c9vry (France) under number 508 730 587, with its registered offices located at:<\/p><p class=\"translation-block\">PhinC Development<br>\n36 Rue Victor Basch<br>\nImmeuble Le Classea<br>\n91300 MASSY<br>\nFRANCE<\/p><h2>Art. 4 \u2013 Identity of the Data Protection Officer (DPO)<\/h2><p>For the purposes of the European Data Protection Regulation, PhinC Development has appointed a Data Protection Officer (DPO).<\/p><p>For any questions relating to the processing of your data, you can contact our DPO as follows:<\/p><p class=\"translation-block\">Phone : +33 9 70 70 20 09<br>E-mail : dpo@phinc.fr<\/p><h2>Art. 5 - Purposes of collection, processing and storage of your Personal Data<\/h2><p>Your personal data is collected to meet one or more purpose (s). The purposes and legal bases allowing PhinC Development to process your data are described in this table:<\/p><table border=\"1\" cellspacing=\"1\" cellpadding=\"1\"><thead><tr><th scope=\"col\">Purpose<\/th><th scope=\"col\">Retention period<\/th><th scope=\"col\">Legal basis<\/th><\/tr><\/thead><tbody><tr><td><p>Manage your access to the secure web client space (e-room) via this website and its use<\/p><\/td><td>Duration of the contract with the client<\/td><td>Legitimate interest of PhinC Development<\/td><\/tr><tr><td>Perform operations relating to customer management concerning contracts, orders, deliverables, invoices, monitoring of the relationship with customers<\/td><td>Duration according to the regulations of the Commercial Code<\/td><td>Necessary for the execution of a contract<\/td><\/tr><tr><td>Build a file of customers and prospects<\/td><td>3 years after the end of the last contract with the client and 5 years after the end of the last contact with the prospect<\/td><td>Legitimate interest of PhinC Development<\/td><\/tr><tr><td>Send newsletters (creation of a file)<\/td><td>Until withdrawal of consent (unsubscribing)<\/td><td>Consent to receive the newsletter<\/td><\/tr><tr><td>Develop commercial statistics and traffic to our services<\/td><td>2 years<\/td><td class=\"translation-block\">Consent of the website visitor<br>\nConsent of persons receiving the newsletter<\/td><\/tr><tr><td>Collect and process testimonials from people on services<\/td><td>5 years<\/td><td>Consent of the person whose opinion is published<\/td><\/tr><tr><td>Respond to your questions when you contact us through our website<\/td><td>1 year<\/td><td>Consent of the website visitor<\/td><\/tr><tr><td>Comply with our legal and regulatory obligations<\/td><td>According to applicable regulations<\/td><td>Legal obligation of PhinC Development<\/td><\/tr><\/tbody><\/table><h2>Art. 6 - Recipients of the Data collected<\/h2><p>The following individuals and entities may have access to and process your Personal Data:<\/p><p>Auditors, officers, public institutions and committees, other authorities, agencies, jurisdictions and any similar entities controlling our company (such as, but not limited to, accounting and other regulatory compliance matters), as may be required by law or in order for us to demonstrate compliance with our contractual and\/or legal obligations, undertakings and rights.<\/p><h2>Transfers of your Personal Data outside the Economic European Area (EEA)<\/h2><p>Some recipients of your data may be outside the EEA where the standards for the protection of personal data may be different or less stringent. In this case, PhinC Development undertakes to transfer your data taking into account the adequacy decisions or putting in place appropriate safeguards such as standard data protection clauses. A copy of these guarantees can be provided to you if you request it from the DPO of PhinC Development.<\/p><h2>Art. 8 - Duration of Personal Data storage<\/h2><p>Your Personal Data will not be stored for more than strictly necessary for the needs of the purposes listed in Article 5 above. They will then be anonymized or destroyed if PhinC does not have a legal obligation to keep them. Specific retention periods have been defined in relation to certain data and processing below.<\/p><h2>Art. 9 - Security<\/h2><p>We inform you to take all precautions and organizational and technical measures appropriate to ensure a level of security adapted to the risk for your rights and freedoms in order to preserve the security, integrity and confidentiality of your personal data and in particular, to prevent that they are lost, destroyed, distorted, damaged or disclosed in violation of these conditions or that unauthorized third parties have access to them accidentally or illegally.<\/p><h2>Art. 10 - Cookies<\/h2><p>Cookies are files under text format, generally encrypted, and stored in your web browser. They are created when a user\u2019s browser upload a website: the website send information to the browser, which creates a file under text format. Each time the user comes back on the same website, the browser retrieves such a file and send it to the server on which the website is hosted.<\/p><p>We may distinguish between two types of cookies, depending on their purposes: technical cookies and advertising cookies.<\/p><ul><li>Technical cookies are used all along your website experience in order to improve and execute some functions. For instance, a technical cookie may save answers to a form or the preferences of a user with regard to language or website layouts, if such options are available. These are stored in your web browser for six months.<\/li><li>Statistical cookies: We are using Google Analytics (or any similar software), as audience measurement analytical tool. This cookie allows us to measure the number of visits on our Website, the number of pages hit and the visitors\u2019 activities. Your IP address is also collected in order for us to solely determine the city from which you are connected. The storage duration of such cookie is stated above under article 5.<\/li><\/ul><p>We hereby remind you, to all intents and purposes, that you may object to the storage of cookies by directly configuring your browser, being stated that, those operations might affect your browsing experience and compromise the proper operations of the Website.<\/p><h2>Art. 11 \u2013 Exercise of your rights in relation to the processing of your personal data<\/h2><p>In compliance with the GDPR in their last version, you are reminded that you are entitled to request for exercising your legitimate Personal Data subject\u2019s rights, including:<\/p><ul><li>Right of access: you have the right to obtain confirmation whether or not your personal data is being processed and, where applicable, precise information about the processing of your data. You also have the right to request a copy of the information held about you.<\/li><li>Right of rectification: you have the right to ask us to rectify or complete all or part of the incorrect or incomplete information held about you.<\/li><li>Right to erasure (\"right to be forgotten\"): you have the right to ask us to delete from our systems all information held about you.<\/li><li>Right to restriction of processing: you can ask us to restrict the processing of your data. This means that your data can, except for storage, only be processed with your consent. They are then said to be locked.<\/li><li>Right to data portability: you can request to retrieve your information in a structured, commonly used and machine-readable format and to transfer it to other data controllers.<\/li><li>Right to object: you can object to the processing of Personal Data concerning you.<\/li><\/ul><p>The application of these rights is not absolute. Requests for the exercise of rights will always be assessed on a case-by-case basis by the DPO of PhinC Development.<\/p><p>When the processing of your data is based on your consent, you can withdraw your consent at any time, simply and without any justification.<\/p><p>If you wish to receive more information about the processing of your data or if you wish to exercise your rights, your requests can be sent to the DPO of PhinC Development.<\/p><p>You also have the right to lodge a complaint with the Data Protection Authority in the EU Member State where you reside or work, or in the EU Member State where the alleged violation took place if you believe that your personal data is not being processed in accordance with the GDPR.<\/p><p>You will find the contact details of the different European Data Protection Authorities on the following link:\u00a0<a href=\"https:\/\/ec.europa.eu\/justice\/aricle-%2029\/structure\/data-protection-authorities\/index_en.htm\" target=\"_blank\" rel=\"nofollow noreferrer noopener\">https:\/\/ec.europa.eu\/justice\/aricle- 29\/structure\/data-protection-authorities\/index_en.htm<\/a><\/p><h2>Art. 12 - Effective Date of this Policy<\/h2><p>The present Policy is effective as of October 7th, 2020.<\/p>\t\t\t\t\t\t\t\t<\/div>\n\t\t\t\t<\/div>\n\t\t\t\t<\/div>\n\t\t\t\t\t<\/div>\n\t\t\t\t<\/div>\n\t\t\t\t<\/div>","protected":false},"excerpt":{"rendered":"<p>Confidentialit\u00e9 des donn\u00e9es personnelles Art. 1 &#8211; D\u00e9finition de donn\u00e9es \u00e0 caract\u00e8re personnel et nature des donn\u00e9es collect\u00e9es. Lors de votre utilisation de notre site, nous pouvons \u00eatre amen\u00e9s \u00e0 vous demander de nous communiquer des donn\u00e9es \u00e0 caract\u00e8re personnel vous concernant. Le terme \u00ab donn\u00e9es \u00e0 caract\u00e8re personnel \u00bb d\u00e9signe toutes les donn\u00e9es qui [&hellip;]<\/p>\n","protected":false},"author":2,"featured_media":0,"parent":0,"menu_order":0,"comment_status":"closed","ping_status":"open","template":"","meta":{"_acf_changed":false,"footnotes":""},"class_list":["post-3","page","type-page","status-publish","hentry"],"acf":[],"yoast_head":"<!-- This site is optimized with the Yoast SEO plugin v27.0 - https:\/\/yoast.com\/product\/yoast-seo-wordpress\/ -->\n<title>Politique de confidentialit\u00e9 - PhinC Group<\/title>\n<meta name=\"robots\" content=\"index, follow, max-snippet:-1, max-image-preview:large, max-video-preview:-1\" \/>\n<link rel=\"canonical\" href=\"https:\/\/www.phinc-group.com\/en\/privacy-policy\/\" \/>\n<meta property=\"og:locale\" content=\"en_US\" \/>\n<meta property=\"og:type\" content=\"article\" \/>\n<meta property=\"og:title\" content=\"Politique de confidentialit\u00e9 - PhinC Group\" \/>\n<meta property=\"og:description\" content=\"Confidentialit\u00e9 des donn\u00e9es personnelles Art. 1 &#8211; D\u00e9finition de donn\u00e9es \u00e0 caract\u00e8re personnel et nature des donn\u00e9es collect\u00e9es. Lors de votre utilisation de notre site, nous pouvons \u00eatre amen\u00e9s \u00e0 vous demander de nous communiquer des donn\u00e9es \u00e0 caract\u00e8re personnel vous concernant. Le terme \u00ab donn\u00e9es \u00e0 caract\u00e8re personnel \u00bb d\u00e9signe toutes les donn\u00e9es qui [&hellip;]\" \/>\n<meta property=\"og:url\" content=\"https:\/\/www.phinc-group.com\/en\/privacy-policy\/\" \/>\n<meta property=\"og:site_name\" content=\"PhinC Group\" \/>\n<meta property=\"article:modified_time\" content=\"2026-03-17T13:26:50+00:00\" \/>\n<meta property=\"og:image\" content=\"https:\/\/www.phinc-group.com\/wp-content\/uploads\/2025\/10\/mini-barre-rose-arrondie.png\" \/>\n\t<meta property=\"og:image:width\" content=\"112\" \/>\n\t<meta property=\"og:image:height\" content=\"28\" \/>\n\t<meta property=\"og:image:type\" content=\"image\/png\" \/>\n<meta name=\"twitter:card\" content=\"summary_large_image\" \/>\n<meta name=\"twitter:label1\" content=\"Est. reading time\" \/>\n\t<meta name=\"twitter:data1\" content=\"8 minutes\" \/>\n<script type=\"application\/ld+json\" class=\"yoast-schema-graph\">{\"@context\":\"https:\/\/schema.org\",\"@graph\":[{\"@type\":\"WebPage\",\"@id\":\"https:\/\/www.phinc-group.com\/privacy-policy\/\",\"url\":\"https:\/\/www.phinc-group.com\/privacy-policy\/\",\"name\":\"Politique de confidentialit\u00e9 - PhinC Group\",\"isPartOf\":{\"@id\":\"https:\/\/www.phinc-group.com\/fr\/#website\"},\"primaryImageOfPage\":{\"@id\":\"https:\/\/www.phinc-group.com\/privacy-policy\/#primaryimage\"},\"image\":{\"@id\":\"https:\/\/www.phinc-group.com\/privacy-policy\/#primaryimage\"},\"thumbnailUrl\":\"https:\/\/www.phinc-group.com\/wp-content\/uploads\/2025\/10\/mini-barre-rose-arrondie.png\",\"datePublished\":\"2024-12-23T11:08:57+00:00\",\"dateModified\":\"2026-03-17T13:26:50+00:00\",\"breadcrumb\":{\"@id\":\"https:\/\/www.phinc-group.com\/privacy-policy\/#breadcrumb\"},\"inLanguage\":\"en-US\",\"potentialAction\":[{\"@type\":\"ReadAction\",\"target\":[\"https:\/\/www.phinc-group.com\/privacy-policy\/\"]}]},{\"@type\":\"ImageObject\",\"inLanguage\":\"en-US\",\"@id\":\"https:\/\/www.phinc-group.com\/privacy-policy\/#primaryimage\",\"url\":\"https:\/\/www.phinc-group.com\/wp-content\/uploads\/2025\/10\/mini-barre-rose-arrondie.png\",\"contentUrl\":\"https:\/\/www.phinc-group.com\/wp-content\/uploads\/2025\/10\/mini-barre-rose-arrondie.png\"},{\"@type\":\"BreadcrumbList\",\"@id\":\"https:\/\/www.phinc-group.com\/privacy-policy\/#breadcrumb\",\"itemListElement\":[{\"@type\":\"ListItem\",\"position\":1,\"name\":\"Accueil\",\"item\":\"https:\/\/www.phinc-group.com\/\"},{\"@type\":\"ListItem\",\"position\":2,\"name\":\"Politique de confidentialit\u00e9\"}]},{\"@type\":\"WebSite\",\"@id\":\"https:\/\/www.phinc-group.com\/fr\/#website\",\"url\":\"https:\/\/www.phinc-group.com\/fr\/\",\"name\":\"PhinC Group\",\"description\":\"Quantitative Pharmacology Solutions &amp; Modeling\",\"publisher\":{\"@id\":\"https:\/\/www.phinc-group.com\/fr\/#organization\"},\"potentialAction\":[{\"@type\":\"SearchAction\",\"target\":{\"@type\":\"EntryPoint\",\"urlTemplate\":\"https:\/\/www.phinc-group.com\/fr\/?s={search_term_string}\"},\"query-input\":{\"@type\":\"PropertyValueSpecification\",\"valueRequired\":true,\"valueName\":\"search_term_string\"}}],\"inLanguage\":\"en-US\"},{\"@type\":\"Organization\",\"@id\":\"https:\/\/www.phinc-group.com\/fr\/#organization\",\"name\":\"PhinC Group\",\"url\":\"https:\/\/www.phinc-group.com\/fr\/\",\"logo\":{\"@type\":\"ImageObject\",\"inLanguage\":\"en-US\",\"@id\":\"https:\/\/www.phinc-group.com\/fr\/#\/schema\/logo\/image\/\",\"url\":\"https:\/\/www.phinc-group.com\/wp-content\/uploads\/2025\/01\/Icone-PhinC-New_white-600px.jpg\",\"contentUrl\":\"https:\/\/www.phinc-group.com\/wp-content\/uploads\/2025\/01\/Icone-PhinC-New_white-600px.jpg\",\"width\":600,\"height\":600,\"caption\":\"PhinC Group\"},\"image\":{\"@id\":\"https:\/\/www.phinc-group.com\/fr\/#\/schema\/logo\/image\/\"}}]}<\/script>\n<!-- \/ Yoast SEO plugin. -->","yoast_head_json":{"title":"Politique de confidentialit\u00e9 - PhinC Group","robots":{"index":"index","follow":"follow","max-snippet":"max-snippet:-1","max-image-preview":"max-image-preview:large","max-video-preview":"max-video-preview:-1"},"canonical":"https:\/\/www.phinc-group.com\/en\/privacy-policy\/","og_locale":"en_US","og_type":"article","og_title":"Politique de confidentialit\u00e9 - PhinC Group","og_description":"Confidentialit\u00e9 des donn\u00e9es personnelles Art. 1 &#8211; D\u00e9finition de donn\u00e9es \u00e0 caract\u00e8re personnel et nature des donn\u00e9es collect\u00e9es. Lors de votre utilisation de notre site, nous pouvons \u00eatre amen\u00e9s \u00e0 vous demander de nous communiquer des donn\u00e9es \u00e0 caract\u00e8re personnel vous concernant. Le terme \u00ab donn\u00e9es \u00e0 caract\u00e8re personnel \u00bb d\u00e9signe toutes les donn\u00e9es qui [&hellip;]","og_url":"https:\/\/www.phinc-group.com\/en\/privacy-policy\/","og_site_name":"PhinC Group","article_modified_time":"2026-03-17T13:26:50+00:00","og_image":[{"width":112,"height":28,"url":"https:\/\/www.phinc-group.com\/wp-content\/uploads\/2025\/10\/mini-barre-rose-arrondie.png","type":"image\/png"}],"twitter_card":"summary_large_image","twitter_misc":{"Est. reading time":"8 minutes"},"schema":{"@context":"https:\/\/schema.org","@graph":[{"@type":"WebPage","@id":"https:\/\/www.phinc-group.com\/privacy-policy\/","url":"https:\/\/www.phinc-group.com\/privacy-policy\/","name":"Politique de confidentialit\u00e9 - PhinC Group","isPartOf":{"@id":"https:\/\/www.phinc-group.com\/fr\/#website"},"primaryImageOfPage":{"@id":"https:\/\/www.phinc-group.com\/privacy-policy\/#primaryimage"},"image":{"@id":"https:\/\/www.phinc-group.com\/privacy-policy\/#primaryimage"},"thumbnailUrl":"https:\/\/www.phinc-group.com\/wp-content\/uploads\/2025\/10\/mini-barre-rose-arrondie.png","datePublished":"2024-12-23T11:08:57+00:00","dateModified":"2026-03-17T13:26:50+00:00","breadcrumb":{"@id":"https:\/\/www.phinc-group.com\/privacy-policy\/#breadcrumb"},"inLanguage":"en-US","potentialAction":[{"@type":"ReadAction","target":["https:\/\/www.phinc-group.com\/privacy-policy\/"]}]},{"@type":"ImageObject","inLanguage":"en-US","@id":"https:\/\/www.phinc-group.com\/privacy-policy\/#primaryimage","url":"https:\/\/www.phinc-group.com\/wp-content\/uploads\/2025\/10\/mini-barre-rose-arrondie.png","contentUrl":"https:\/\/www.phinc-group.com\/wp-content\/uploads\/2025\/10\/mini-barre-rose-arrondie.png"},{"@type":"BreadcrumbList","@id":"https:\/\/www.phinc-group.com\/privacy-policy\/#breadcrumb","itemListElement":[{"@type":"ListItem","position":1,"name":"Accueil","item":"https:\/\/www.phinc-group.com\/"},{"@type":"ListItem","position":2,"name":"Politique de confidentialit\u00e9"}]},{"@type":"WebSite","@id":"https:\/\/www.phinc-group.com\/fr\/#website","url":"https:\/\/www.phinc-group.com\/fr\/","name":"PhinC Group","description":"Quantitative Pharmacology Solutions &amp; Modeling","publisher":{"@id":"https:\/\/www.phinc-group.com\/fr\/#organization"},"potentialAction":[{"@type":"SearchAction","target":{"@type":"EntryPoint","urlTemplate":"https:\/\/www.phinc-group.com\/fr\/?s={search_term_string}"},"query-input":{"@type":"PropertyValueSpecification","valueRequired":true,"valueName":"search_term_string"}}],"inLanguage":"en-US"},{"@type":"Organization","@id":"https:\/\/www.phinc-group.com\/fr\/#organization","name":"PhinC Group","url":"https:\/\/www.phinc-group.com\/fr\/","logo":{"@type":"ImageObject","inLanguage":"en-US","@id":"https:\/\/www.phinc-group.com\/fr\/#\/schema\/logo\/image\/","url":"https:\/\/www.phinc-group.com\/wp-content\/uploads\/2025\/01\/Icone-PhinC-New_white-600px.jpg","contentUrl":"https:\/\/www.phinc-group.com\/wp-content\/uploads\/2025\/01\/Icone-PhinC-New_white-600px.jpg","width":600,"height":600,"caption":"PhinC Group"},"image":{"@id":"https:\/\/www.phinc-group.com\/fr\/#\/schema\/logo\/image\/"}}]}},"_links":{"self":[{"href":"https:\/\/www.phinc-group.com\/en\/wp-json\/wp\/v2\/pages\/3","targetHints":{"allow":["GET"]}}],"collection":[{"href":"https:\/\/www.phinc-group.com\/en\/wp-json\/wp\/v2\/pages"}],"about":[{"href":"https:\/\/www.phinc-group.com\/en\/wp-json\/wp\/v2\/types\/page"}],"author":[{"embeddable":true,"href":"https:\/\/www.phinc-group.com\/en\/wp-json\/wp\/v2\/users\/2"}],"replies":[{"embeddable":true,"href":"https:\/\/www.phinc-group.com\/en\/wp-json\/wp\/v2\/comments?post=3"}],"version-history":[{"count":21,"href":"https:\/\/www.phinc-group.com\/en\/wp-json\/wp\/v2\/pages\/3\/revisions"}],"predecessor-version":[{"id":4744,"href":"https:\/\/www.phinc-group.com\/en\/wp-json\/wp\/v2\/pages\/3\/revisions\/4744"}],"wp:attachment":[{"href":"https:\/\/www.phinc-group.com\/en\/wp-json\/wp\/v2\/media?parent=3"}],"curies":[{"name":"wp","href":"https:\/\/api.w.org\/{rel}","templated":true}]}}